{"id":10221,"date":"2022-12-22T18:07:50","date_gmt":"2022-12-22T17:07:50","guid":{"rendered":"https:\/\/www.italvipla.com\/garanzia-copy\/"},"modified":"2022-12-23T09:51:45","modified_gmt":"2022-12-23T08:51:45","slug":"certificazione-cribis","status":"publish","type":"page","link":"https:\/\/www.italvipla.com\/en\/certificazione-cribis\/","title":{"rendered":"Certificazione Cribis"},"content":{"rendered":"<div data-elementor-type=\"wp-page\" data-elementor-id=\"10221\" class=\"elementor elementor-10221\" data-elementor-settings=\"[]\">\n\t\t\t\t\t\t<div class=\"elementor-inner\">\n\t\t\t\t\t\t\t<div class=\"elementor-section-wrap\">\n\t\t\t\t\t\t\t<section class=\"elementor-section elementor-top-section elementor-element elementor-element-c5a2435 elementor-section-full_width elementor-section-height-default elementor-section-height-default\" data-id=\"c5a2435\" data-element_type=\"section\" data-settings=\"{&quot;background_background&quot;:&quot;classic&quot;}\">\n\t\t\t\t\t\t<div class=\"elementor-container elementor-column-gap-default\">\n\t\t\t\t\t\t\t<div class=\"elementor-row\">\n\t\t\t\t\t<div class=\"elementor-column elementor-col-33 elementor-top-column elementor-element elementor-element-0ab96b7\" data-id=\"0ab96b7\" data-element_type=\"column\">\n\t\t\t<div class=\"elementor-column-wrap\">\n\t\t\t\t\t\t\t<div class=\"elementor-widget-wrap\">\n\t\t\t\t\t\t\t\t<\/div>\n\t\t\t\t\t<\/div>\n\t\t<\/div>\n\t\t\t\t<div class=\"elementor-column elementor-col-33 elementor-top-column elementor-element elementor-element-664e375\" data-id=\"664e375\" data-element_type=\"column\">\n\t\t\t<div class=\"elementor-column-wrap elementor-element-populated\">\n\t\t\t\t\t\t\t<div class=\"elementor-widget-wrap\">\n\t\t\t\t\t\t<div class=\"elementor-element elementor-element-2197dde elementor-widget elementor-widget-spacer\" data-id=\"2197dde\" data-element_type=\"widget\" data-widget_type=\"spacer.default\">\n\t\t\t\t<div class=\"elementor-widget-container\">\n\t\t\t\t\t<div class=\"elementor-spacer\">\n\t\t\t<div class=\"elementor-spacer-inner\"><\/div>\n\t\t<\/div>\n\t\t\t\t<\/div>\n\t\t\t\t<\/div>\n\t\t\t\t<div class=\"elementor-element elementor-element-4dc2e94 elementor-invisible elementor-widget elementor-widget-heading\" data-id=\"4dc2e94\" data-element_type=\"widget\" data-settings=\"{&quot;_animation&quot;:&quot;fadeIn&quot;}\" data-widget_type=\"heading.default\">\n\t\t\t\t<div class=\"elementor-widget-container\">\n\t\t\t<h2 class=\"elementor-heading-title elementor-size-default\">CRIBS CERTIFICATION <\/h2>\t\t<\/div>\n\t\t\t\t<\/div>\n\t\t\t\t<div class=\"elementor-element elementor-element-3c635c6 elementor-invisible elementor-widget elementor-widget-heading\" data-id=\"3c635c6\" data-element_type=\"widget\" data-settings=\"{&quot;_animation&quot;:&quot;fadeIn&quot;}\" data-widget_type=\"heading.default\">\n\t\t\t\t<div class=\"elementor-widget-container\">\n\t\t\t<h2 class=\"elementor-heading-title elementor-size-default\">Since now the CRIBIS Prime Company has been awarded to only 7% of the over 6 million Italian companies: we at ITALVIPLA SRL are proud to be part of this small percentage.\n <\/h2>\t\t<\/div>\n\t\t\t\t<\/div>\n\t\t\t\t<div class=\"elementor-element elementor-element-bcf7578 elementor-widget elementor-widget-text-editor\" data-id=\"bcf7578\" data-element_type=\"widget\" data-widget_type=\"text-editor.default\">\n\t\t\t\t<div class=\"elementor-widget-container\">\n\t\t\t\t\t\t\t\t<div class=\"elementor-text-editor elementor-clearfix\">\n\t\t\t\t\t<p>Cribis Prime Company is the highest level of assessment of the reliability of a company and is issued only and exclusively to <strong>companies that constantly maintain high reliability and are virtuous <\/strong><strong>in payments to suppliers<\/strong>.<\/p><p>The award is released based on the analysis of numerous variables such as company seniority, balance sheet data and payment experiences. The parameters are evaluated based on the <strong>CRIBIS D&amp;B Rating<\/strong>, a dynamic and constantly updated indicator that measures the commercial reliability of a company.<\/p>\t\t\t\t\t<\/div>\n\t\t\t\t\t\t<\/div>\n\t\t\t\t<\/div>\n\t\t\t\t<div class=\"elementor-element elementor-element-b32550b elementor-widget elementor-widget-image\" data-id=\"b32550b\" data-element_type=\"widget\" data-widget_type=\"image.default\">\n\t\t\t\t<div class=\"elementor-widget-container\">\n\t\t\t\t\t\t\t\t<div class=\"elementor-image\">\n\t\t\t\t\t\t\t\t\t\t\t\t<img width=\"1024\" height=\"701\" src=\"https:\/\/www.italvipla.com\/wp-content\/uploads\/2022\/12\/cribis_eng.png\" class=\"attachment-large size-large\" alt=\"\" loading=\"lazy\" srcset=\"https:\/\/www.italvipla.com\/wp-content\/uploads\/2022\/12\/cribis_eng.png 3304w, https:\/\/www.italvipla.com\/wp-content\/uploads\/2022\/12\/cribis_eng-300x208.png 300w, https:\/\/www.italvipla.com\/wp-content\/uploads\/2022\/12\/cribis_eng-1024x711.png 1024w, https:\/\/www.italvipla.com\/wp-content\/uploads\/2022\/12\/cribis_eng-768x533.png 768w, https:\/\/www.italvipla.com\/wp-content\/uploads\/2022\/12\/cribis_eng-1536x1066.png 1536w, https:\/\/www.italvipla.com\/wp-content\/uploads\/2022\/12\/cribis_eng-2048x1422.png 2048w, https:\/\/www.italvipla.com\/wp-content\/uploads\/2022\/12\/cribis_eng-18x12.png 18w\" sizes=\"(max-width: 1024px) 100vw, 1024px\" \/>\t\t\t\t\t\t\t\t\t\t\t\t\t\t<\/div>\n\t\t\t\t\t\t<\/div>\n\t\t\t\t<\/div>\n\t\t\t\t<div class=\"elementor-element elementor-element-05f9395 elementor-widget elementor-widget-spacer\" data-id=\"05f9395\" data-element_type=\"widget\" data-widget_type=\"spacer.default\">\n\t\t\t\t<div class=\"elementor-widget-container\">\n\t\t\t\t\t<div class=\"elementor-spacer\">\n\t\t\t<div class=\"elementor-spacer-inner\"><\/div>\n\t\t<\/div>\n\t\t\t\t<\/div>\n\t\t\t\t<\/div>\n\t\t\t\t\t\t<\/div>\n\t\t\t\t\t<\/div>\n\t\t<\/div>\n\t\t\t\t<div class=\"elementor-column elementor-col-33 elementor-top-column elementor-element elementor-element-078aaa8\" data-id=\"078aaa8\" data-element_type=\"column\">\n\t\t\t<div class=\"elementor-column-wrap\">\n\t\t\t\t\t\t\t<div class=\"elementor-widget-wrap\">\n\t\t\t\t\t\t\t\t<\/div>\n\t\t\t\t\t<\/div>\n\t\t<\/div>\n\t\t\t\t\t\t\t\t<\/div>\n\t\t\t\t\t<\/div>\n\t\t<\/section>\n\t\t\t\t<section class=\"elementor-section elementor-top-section elementor-element elementor-element-2d92d73d elementor-section-boxed elementor-section-height-default elementor-section-height-default\" data-id=\"2d92d73d\" data-element_type=\"section\" data-settings=\"{&quot;background_background&quot;:&quot;classic&quot;}\">\n\t\t\t\t\t\t\t<div class=\"elementor-background-overlay\"><\/div>\n\t\t\t\t\t\t\t<div class=\"elementor-container elementor-column-gap-default\">\n\t\t\t\t\t\t\t<div class=\"elementor-row\">\n\t\t\t\t\t<div class=\"elementor-column elementor-col-100 elementor-top-column elementor-element elementor-element-558d28c8\" data-id=\"558d28c8\" data-element_type=\"column\">\n\t\t\t<div class=\"elementor-column-wrap elementor-element-populated\">\n\t\t\t\t\t\t\t<div class=\"elementor-widget-wrap\">\n\t\t\t\t\t\t<div class=\"elementor-element elementor-element-28d13576 elementor-invisible elementor-widget elementor-widget-heading\" data-id=\"28d13576\" data-element_type=\"widget\" data-settings=\"{&quot;_animation&quot;:&quot;fadeIn&quot;}\" data-widget_type=\"heading.default\">\n\t\t\t\t<div class=\"elementor-widget-container\">\n\t\t\t<h2 class=\"elementor-heading-title elementor-size-default\">Subscribe to our<\/h2>\t\t<\/div>\n\t\t\t\t<\/div>\n\t\t\t\t<div class=\"elementor-element elementor-element-7ac1d585 elementor-widget-divider--view-line elementor-invisible elementor-widget elementor-widget-divider\" data-id=\"7ac1d585\" data-element_type=\"widget\" data-settings=\"{&quot;_animation&quot;:&quot;fadeIn&quot;}\" data-widget_type=\"divider.default\">\n\t\t\t\t<div class=\"elementor-widget-container\">\n\t\t\t\t\t<div class=\"elementor-divider\">\n\t\t\t<span class=\"elementor-divider-separator\">\n\t\t\t\t\t\t<\/span>\n\t\t<\/div>\n\t\t\t\t<\/div>\n\t\t\t\t<\/div>\n\t\t\t\t<div class=\"elementor-element elementor-element-b96c0b5 elementor-invisible elementor-widget elementor-widget-heading\" data-id=\"b96c0b5\" data-element_type=\"widget\" data-settings=\"{&quot;_animation&quot;:&quot;fadeIn&quot;}\" data-widget_type=\"heading.default\">\n\t\t\t\t<div class=\"elementor-widget-container\">\n\t\t\t<h2 class=\"elementor-heading-title elementor-size-default\">newsletter<\/h2>\t\t<\/div>\n\t\t\t\t<\/div>\n\t\t\t\t<div class=\"elementor-element elementor-element-34249ede elementor-invisible elementor-widget elementor-widget-text-editor\" data-id=\"34249ede\" data-element_type=\"widget\" data-settings=\"{&quot;_animation&quot;:&quot;fadeIn&quot;}\" data-widget_type=\"text-editor.default\">\n\t\t\t\t<div class=\"elementor-widget-container\">\n\t\t\t\t\t\t\t\t<div class=\"elementor-text-editor elementor-clearfix\">\n\t\t\t\t\t<p>Don't miss the news, offers, discounts and even our tips.<\/p>\t\t\t\t\t<\/div>\n\t\t\t\t\t\t<\/div>\n\t\t\t\t<\/div>\n\t\t\t\t<div class=\"elementor-element elementor-element-3496c575 elementor-invisible elementor-widget elementor-widget-button\" data-id=\"3496c575\" data-element_type=\"widget\" data-settings=\"{&quot;_animation&quot;:&quot;fadeIn&quot;}\" data-widget_type=\"button.default\">\n\t\t\t\t<div class=\"elementor-widget-container\">\n\t\t\t\t\t<div class=\"elementor-button-wrapper\">\n\t\t\t<a href=\"http:\/\/eepurl.com\/cy1IVD\" class=\"elementor-button-link elementor-button elementor-size-sm\" role=\"button\">\n\t\t\t\t\t\t<span class=\"elementor-button-content-wrapper\">\n\t\t\t\t\t\t<span class=\"elementor-button-text\">Subscribe NOW<\/span>\n\t\t<\/span>\n\t\t\t\t\t<\/a>\n\t\t<\/div>\n\t\t\t\t<\/div>\n\t\t\t\t<\/div>\n\t\t\t\t\t\t<\/div>\n\t\t\t\t\t<\/div>\n\t\t<\/div>\n\t\t\t\t\t\t\t\t<\/div>\n\t\t\t\t\t<\/div>\n\t\t<\/section>\n\t\t\t\t\t\t<\/div>\n\t\t\t\t\t\t<\/div>\n\t\t\t\t\t<\/div>","protected":false},"excerpt":{"rendered":"<p>CERTIFICAZIONE CRIBIS Ad oggi il CRIBIS Prime Company \u00e8 stato riconosciuto solo al 7 % delle oltre 6 milioni di aziende italiane: noi di ITALVIPLA SRL siamo orgogliosi di far parte di questa piccola percentuale. Cribis Prime Company \u00e8 il massimo livello di valutazione dell&#8217;affidabilit\u00e0 di un&#8217;impresa ed \u00e8 rilasciato solo ed esclusivamente ad aziende [&hellip;]<\/p>","protected":false},"author":1,"featured_media":0,"parent":0,"menu_order":0,"comment_status":"closed","ping_status":"closed","template":"","meta":[],"_links":{"self":[{"href":"https:\/\/www.italvipla.com\/en\/wp-json\/wp\/v2\/pages\/10221"}],"collection":[{"href":"https:\/\/www.italvipla.com\/en\/wp-json\/wp\/v2\/pages"}],"about":[{"href":"https:\/\/www.italvipla.com\/en\/wp-json\/wp\/v2\/types\/page"}],"author":[{"embeddable":true,"href":"https:\/\/www.italvipla.com\/en\/wp-json\/wp\/v2\/users\/1"}],"replies":[{"embeddable":true,"href":"https:\/\/www.italvipla.com\/en\/wp-json\/wp\/v2\/comments?post=10221"}],"version-history":[{"count":26,"href":"https:\/\/www.italvipla.com\/en\/wp-json\/wp\/v2\/pages\/10221\/revisions"}],"predecessor-version":[{"id":10256,"href":"https:\/\/www.italvipla.com\/en\/wp-json\/wp\/v2\/pages\/10221\/revisions\/10256"}],"wp:attachment":[{"href":"https:\/\/www.italvipla.com\/en\/wp-json\/wp\/v2\/media?parent=10221"}],"curies":[{"name":"wp","href":"https:\/\/api.w.org\/{rel}","templated":true}]}}